{"id":44,"date":"2019-07-30T12:52:45","date_gmt":"2019-07-30T12:52:45","guid":{"rendered":"https:\/\/www.dediago.com\/web\/?page_id=44"},"modified":"2023-07-04T13:06:51","modified_gmt":"2023-07-04T16:06:51","slug":"diversey","status":"publish","type":"page","link":"https:\/\/www.dediago.com\/web\/","title":{"rendered":"Inicio"},"content":{"rendered":"\r\n\r\n\r\n<p class=\"is-layout-flow wp-block-group-is-layout-flow\">&nbsp;<\/p>\r\n<p style=\"text-align: center;\"><span style=\"font-family: 'arial black', sans-serif; font-size: 36pt; color: #ff0000;\">NOSOTROS<\/span><\/p>\r\n<p style=\"text-align: center;\"><br \/><span style=\"font-size: 14pt;\"><span style=\"font-family: helvetica, arial, sans-serif;\">Somos Distribuidores de productos qu\u00edmicos para la Higiene Industrial e Institucional. <\/span><span style=\"font-family: helvetica, arial, sans-serif;\">Contamos con m\u00e1s de 15 a\u00f1os en el rubro F&amp;B. <\/span><span style=\"font-family: helvetica, arial, sans-serif;\">Protocolos de limpieza y desinfecci\u00f3n para Cervecer\u00edas, <\/span><span style=\"font-family: helvetica, arial, sans-serif;\">Helader\u00edas, Frigor\u00edficos, Pesqueras, L\u00e1cteas, <\/span><span style=\"font-family: helvetica, arial, sans-serif;\">Laboratorios Farmac\u00e9uticos, Instituciones Sanitarias, <\/span><span style=\"font-family: helvetica, arial, sans-serif;\">Dep\u00f3sitos de alimentos, <br \/>C\u00e1maras frigor\u00edficas, <\/span><span style=\"font-family: helvetica, arial, sans-serif;\">entre otros.<\/span><\/span><\/p>\r\n<p>&nbsp;<\/p>\r\n<p><img fetchpriority=\"high\" decoding=\"async\" src=\"https:\/\/www.dediago.com\/web\/wp-content\/uploads\/2023\/06\/INST_Consulting_SEPT_FB_IG_LI-300x300.png\" alt=\"\" width=\"555\" height=\"555\" class=\" wp-image-1150 alignnone\" srcset=\"https:\/\/www.dediago.com\/web\/wp-content\/uploads\/2023\/06\/INST_Consulting_SEPT_FB_IG_LI-300x300.png 300w, https:\/\/www.dediago.com\/web\/wp-content\/uploads\/2023\/06\/INST_Consulting_SEPT_FB_IG_LI-1024x1024.png 1024w, https:\/\/www.dediago.com\/web\/wp-content\/uploads\/2023\/06\/INST_Consulting_SEPT_FB_IG_LI-150x150.png 150w, https:\/\/www.dediago.com\/web\/wp-content\/uploads\/2023\/06\/INST_Consulting_SEPT_FB_IG_LI-768x768.png 768w, https:\/\/www.dediago.com\/web\/wp-content\/uploads\/2023\/06\/INST_Consulting_SEPT_FB_IG_LI.png 1080w\" sizes=\"(max-width: 555px) 100vw, 555px\" \/> <img decoding=\"async\" src=\"https:\/\/www.dediago.com\/web\/wp-content\/uploads\/2023\/06\/INST_Tacticos_MAY_FB_IG_LI-300x300.png\" alt=\"\" width=\"551\" height=\"551\" class=\" wp-image-1151 alignright\" srcset=\"https:\/\/www.dediago.com\/web\/wp-content\/uploads\/2023\/06\/INST_Tacticos_MAY_FB_IG_LI-300x300.png 300w, https:\/\/www.dediago.com\/web\/wp-content\/uploads\/2023\/06\/INST_Tacticos_MAY_FB_IG_LI-150x150.png 150w, https:\/\/www.dediago.com\/web\/wp-content\/uploads\/2023\/06\/INST_Tacticos_MAY_FB_IG_LI-768x770.png 768w, https:\/\/www.dediago.com\/web\/wp-content\/uploads\/2023\/06\/INST_Tacticos_MAY_FB_IG_LI.png 835w\" sizes=\"(max-width: 551px) 100vw, 551px\" \/><\/p>\r\n<p>&nbsp;<\/p>\r\n<p style=\"text-align: center;\"><strong><span style=\"font-size: 14pt; font-family: helvetica, arial, sans-serif;\">Brindamos asesoramiento y capacitamos al personal <br \/>para facilitar las tareas diarias y llevarlas a cabo de modo seguro.<\/span><\/strong><\/p>\r\n\r\n<p><\/p>\r\n<p><\/p>\r\n<p><\/p>\r\n<p class=\"is-layout-flex wp-container-core-columns-is-layout-28f84493 wp-block-columns-is-layout-flex\"><\/p>\r\n<p class=\"is-layout-flow wp-block-column-is-layout-flow\"><\/p>\r\n<p><\/p>\r\n<p><\/p>\r\n<p class=\"is-layout-flow wp-block-column-is-layout-flow\">&nbsp;<\/p>\r\n<p><\/p>\r\n<p><\/p>\r\n","protected":false},"excerpt":{"rendered":"<p>&nbsp; NOSOTROS Somos Distribuidores de productos qu\u00edmicos para la Higiene Industrial e Institucional. Contamos con m\u00e1s de 15 a\u00f1os en el rubro F&amp;B. Protocolos de limpieza y desinfecci\u00f3n para Cervecer\u00edas, Helader\u00edas, Frigor\u00edficos, Pesqueras, L\u00e1cteas, Laboratorios Farmac\u00e9uticos, Instituciones Sanitarias, Dep\u00f3sitos de alimentos, C\u00e1maras frigor\u00edficas, entre otros. &nbsp; &nbsp; Brindamos asesoramiento y [&hellip;]<\/p>\n","protected":false},"author":1,"featured_media":1217,"parent":0,"menu_order":0,"comment_status":"closed","ping_status":"closed","template":"","meta":{"pagelayer_contact_templates":[],"_pagelayer_content":"","_joinchat":{"message_send":"Hola DeDiago.com, quisiera asesoramiento sobre ..."},"footnotes":""},"class_list":["post-44","page","type-page","status-publish","has-post-thumbnail","hentry"],"_links":{"self":[{"href":"https:\/\/www.dediago.com\/web\/wp-json\/wp\/v2\/pages\/44","targetHints":{"allow":["GET"]}}],"collection":[{"href":"https:\/\/www.dediago.com\/web\/wp-json\/wp\/v2\/pages"}],"about":[{"href":"https:\/\/www.dediago.com\/web\/wp-json\/wp\/v2\/types\/page"}],"author":[{"embeddable":true,"href":"https:\/\/www.dediago.com\/web\/wp-json\/wp\/v2\/users\/1"}],"replies":[{"embeddable":true,"href":"https:\/\/www.dediago.com\/web\/wp-json\/wp\/v2\/comments?post=44"}],"version-history":[{"count":72,"href":"https:\/\/www.dediago.com\/web\/wp-json\/wp\/v2\/pages\/44\/revisions"}],"predecessor-version":[{"id":1235,"href":"https:\/\/www.dediago.com\/web\/wp-json\/wp\/v2\/pages\/44\/revisions\/1235"}],"wp:featuredmedia":[{"embeddable":true,"href":"https:\/\/www.dediago.com\/web\/wp-json\/wp\/v2\/media\/1217"}],"wp:attachment":[{"href":"https:\/\/www.dediago.com\/web\/wp-json\/wp\/v2\/media?parent=44"}],"curies":[{"name":"wp","href":"https:\/\/api.w.org\/{rel}","templated":true}]}}